{"id":18364,"date":"2019-05-16T09:24:18","date_gmt":"2019-05-16T07:24:18","guid":{"rendered":"https:\/\/ams.monster\/blogg\/clone-of-om-ams-monster\/"},"modified":"2024-03-27T11:58:05","modified_gmt":"2024-03-27T10:58:05","slug":"om-monster","status":"publish","type":"page","link":"https:\/\/ams.monster\/blogg\/om-monster\/","title":{"rendered":"Om AMS monster"},"content":{"rendered":"<h3>HVORFOR?<\/h3>\n<p>AMS monster har v\u00e5knet fra dvalen. Fordi: Nettselskapene driver med monopolmisbruk og trakassering av kundene. Nettselskapet overstyrer kundens privatrettslige rettigheter etter loven. Nettselskapet truer kunden med str\u00f8mstenging for \u00e5 f\u00e5 viljen, det gj\u00f8r de uten \u00e5 ha et rettslig grunnlag. Nettselskapet setter ved hjelp av bransjeorganet Energi Norge, n\u00e5 <a style=\"outline: none;\" href=\"https:\/\/www.fornybarnorge.no\/dette-er-fornybar-norge\/\" target=\"_blank\" rel=\"noopener\">Fornybar Norge<\/a>, nye vilk\u00e5r i standardavtaler for nettleie og tilknytning (2021), uten f\u00f8rst \u00e5 be om samtykke fra kunden.<\/p>\n<p>Nettselskapet som har f\u00e5tt konsesjon til \u00e5 drive nettvirksomhet er forpliktet til \u00e5 f\u00f8lge gjeldende lover og forskrifter (som ogs\u00e5 inneholder bestemmelser om ikke-diskriminering), b\u00e5de n\u00e5r det gjelder avtalevilk\u00e5r overfor sine kunder, betalingsbetingelser og tariffer. Nettselskapet tar ikke hensyn til det.<\/p>\n<p>AMS monster vil ta opp str\u00f8mbransjens urimelige praksis inntil det tar slutt. Ansatte i nettselskapene som leser dette b\u00f8r v\u00e6re klar over at navnene deres vil bli publisert for ettertiden.<\/p>\n<p>AMS Monster publiserer viktig juridisk informasjon som beskytter forbrukerrettigheter i kundens forhold til kraft- eller nettselskapet. Informasjon og dokumenter kan brukes fritt.<\/p>\n<p>Informasjonen p\u00e5 nettsiden er verifisert og fakta sjekket mot gjeldende lover og regler. Noen tidligere innlegg m\u00e5 oppdateres. Hvis du &laquo;mener&raquo; noe er direkte feil, bes det om tilstrekkelig dokumentasjon. Har du nyttig informasjon for \u00e5 bekjempe overgrepet fra str\u00f8mbransjen. Ta <a style=\"outline: none;\" href=\"https:\/\/ams.monster\/blogg\/kontakt-monster\/\" target=\"_blank\" rel=\"noopener\">kontakt<\/a> og legg igjen kommentar hvis du har noe saklig \u00e5 si.<\/p>\n<blockquote><p><strong>Nettselskapene er ikke interessert i \u00e5 ha en dialog med kunden. De er mer opphengt i \u00e5 ha rett en \u00e5 gj\u00f8re rett.<\/strong><\/p><\/blockquote>\n<p><a style=\"outline: none;\" href=\"https:\/\/www.nve.no\/reguleringsmyndigheten\/om-rme\/dette-er-rme\/hvem-er-reguleringsmyndigheten-for-energi\/\" target=\"_blank\" rel=\"noopener\">Reguleringsmyndigheten i NVE (RME)<\/a> rollen som tilsynsmyndighet for \u00e5 regulere nettselskapets monopol p\u00e5 nettvirksomheten. RME legger til rette med f\u00f8ringer for nettselskapene med deres meninger og synspunkter. RME tilegner seg urettmessig ting som meninger som ikke er hjemlet i lov eller forskrift.<\/p>\n<p>Nettselskapet baserer sin informasjon til kunder p\u00e5 meningene til RME (Energiloven med tilh\u00f8rende forskrifter) som eneste rettskilde og ikke det som st\u00e5r i annen lovgivning. Nettselskapet tar ikke hensyn til forbrukerens rettigheter, jf. markedsf\u00f8ringsloven og forbrukerkj\u00f8psloven.<\/p>\n<p>AMS monster ble interessert i en spesiell videopresentasjon p\u00e5 nettsiden \u00abStopp smartm\u00e5lerne\u00bb, knyttet til <a style=\"outline: none;\" spellcheck=\"false\" href=\"https:\/\/www.facebook.com\/pg\/stoppsmartmaalerne\/posts\/\" target=\"_blank\" rel=\"noopener\" data-ms-editor=\"true\">Facebook<\/a>. Der var det en video sekvens som var verdt \u00e5 utforske videre. Det gjaldt faktureringen av avlesningsgebyr til kunder som ikke har installert AMS <a href=\"https:\/\/ams.monster\/blogg\/smartmalere\/\" target=\"_blank\" rel=\"noopener\">(radiosenderen i smartm\u00e5leren)<\/a>. Videoen ses nederst p\u00e5 siden. Det var noe som ikke hadde forst\u00e5tt f\u00f8r n\u00e5, videoen ga et nyttig poeng om hvor man skulle begynne \u00e5 lete. Den som laget videoen var n\u00e6r l\u00f8sningen, men visste det ikke selv.<\/p>\n<p>Det vil v\u00e6re lite snakk om str\u00e5lingsproblematikk p\u00e5 nettsiden. Du kan lese mer om det p\u00e5 <a style=\"outline: none;\" spellcheck=\"false\" href=\"https:\/\/einarflydal.com\/\" target=\"_blank\" rel=\"noopener\" data-ms-editor=\"true\">Einar Flydals hjemmeside<\/a>, som har utt\u00f8mmende og dokumenterte svar p\u00e5 de fleste sp\u00f8rsm\u00e5l.\u00a0<a style=\"outline: none;\" spellcheck=\"false\" href=\"https:\/\/ams.monster\/blogg\/nettselskapene-har-ikke-konsekvensutredet-ams-installasjonen-for-helseaspektetetter-miljoinformasjonsloven\/\" target=\"_blank\" rel=\"noopener\" data-ms-editor=\"true\">Les innlegget &#8211; Nettselskapet har ikke unders\u00f8kt konsekvensene av helseaspektet ved innf\u00f8ring av AMS<\/a>.<\/p>\n<p>Ulike sp\u00f8rsm\u00e5l ble diskutert med andre likesinnede. AMS monster har g\u00e5tt grundig gjennom Reguleringsmyndigheten i NVE (RME) saksbehandling i klagesaker, rapporter, h\u00f8ringer mv. Informasjonen p\u00e5 nettsidene til nettselskapene er gjennomg\u00e5tt. Det er bekreftet at du var p\u00e5 sporet av noe mistenkelig. RMEs forvaltningspraksis er i strid andre lover og regler som ligger utenfor RMEs myndighetsomr\u00e5de.<\/p>\n<p>NVE-RMEs forvaltningspraksis er en relevant rettskildefaktor, men forvaltningspraksis er en rettskilde uten autoritetsgrunnlag. Som et klart utgangspunkt skal derfor slik praksis ikke tillegges stor betydning.<\/p>\n<p>AMS monster har v\u00e6rt i kontakt med personer som har juridisk bakgrunn om \u00e5 kommentere det RME og nettselskapet hevder, som er i strid med lover og regler.<\/p>\n<p>Hvis du har nyttig informasjon til AMS monster, <a style=\"outline: none;\" href=\"https:\/\/ams.monster\/blogg\/kontakt-monster\/\" target=\"_blank\" rel=\"noopener\">klikk her<\/a> for \u00e5 sende melding og laste opp dokumenter. Eventuelle personlige data vil bli slettet. Takk til de som sender viktig informasjon.<\/p>\n<p>Takk for at du tok turen innom!<\/p>\n<p>Videosekvensen som vekket interessen for \u00e5 finne l\u00f8sningen.<\/p>\n","protected":false},"excerpt":{"rendered":"<p>HVORFOR? AMS monster har v\u00e5knet fra dvalen. Fordi: Nettselskapene driver med monopolmisbruk og trakassering av kundene. Nettselskapet overstyrer kundens privatrettslige rettigheter etter loven. Nettselskapet truer kunden med str\u00f8mstenging for \u00e5 f\u00e5 viljen, det gj\u00f8r de uten \u00e5 ha et rettslig grunnlag. Nettselskapet setter ved hjelp av bransjeorganet Energi Norge, n\u00e5 Fornybar Norge, nye vilk\u00e5r i [&hellip;]<\/p>\n","protected":false},"author":5,"featured_media":4271,"parent":0,"menu_order":0,"comment_status":"closed","ping_status":"closed","template":"","meta":{"_lmt_disableupdate":"yes","_lmt_disable":"","footnotes":""},"class_list":["post-18364","page","type-page","status-publish","has-post-thumbnail","hentry","post-wrapper","thrv_wrapper"],"_links":{"self":[{"href":"https:\/\/ams.monster\/blogg\/wp-json\/wp\/v2\/pages\/18364","targetHints":{"allow":["GET"]}}],"collection":[{"href":"https:\/\/ams.monster\/blogg\/wp-json\/wp\/v2\/pages"}],"about":[{"href":"https:\/\/ams.monster\/blogg\/wp-json\/wp\/v2\/types\/page"}],"author":[{"embeddable":true,"href":"https:\/\/ams.monster\/blogg\/wp-json\/wp\/v2\/users\/5"}],"replies":[{"embeddable":true,"href":"https:\/\/ams.monster\/blogg\/wp-json\/wp\/v2\/comments?post=18364"}],"version-history":[{"count":4,"href":"https:\/\/ams.monster\/blogg\/wp-json\/wp\/v2\/pages\/18364\/revisions"}],"predecessor-version":[{"id":27354,"href":"https:\/\/ams.monster\/blogg\/wp-json\/wp\/v2\/pages\/18364\/revisions\/27354"}],"wp:featuredmedia":[{"embeddable":true,"href":"https:\/\/ams.monster\/blogg\/wp-json\/wp\/v2\/media\/4271"}],"wp:attachment":[{"href":"https:\/\/ams.monster\/blogg\/wp-json\/wp\/v2\/media?parent=18364"}],"curies":[{"name":"wp","href":"https:\/\/api.w.org\/{rel}","templated":true}]}}