{"id":8728,"date":"2021-02-11T20:19:00","date_gmt":"2021-02-11T19:19:00","guid":{"rendered":"https:\/\/ams.monster\/blogg\/?page_id=8728"},"modified":"2022-09-03T11:29:59","modified_gmt":"2022-09-03T09:29:59","slug":"vedtak-fra-reguleringsmyndigheten-for-energi","status":"publish","type":"page","link":"https:\/\/ams.monster\/blogg\/vedtak-fra-reguleringsmyndigheten-for-energi\/","title":{"rendered":"Vedtak fra Reguleringsmyndigheten for energi (RME)"},"content":{"rendered":"<h3>Oversikt over RME vedtak<\/h3>\n<h3>Reguleringsmyndigheten for energi i NVE (RME) har fattet f\u00f8lgende: &laquo;Vedtak om beregning av gebyr for manuell avlesning&raquo;<\/h3>\n<p><img data-opt-id=1792341466  fetchpriority=\"high\" decoding=\"async\" title=\"NVE-RME Reguleringsmyndigheten i NVE\" src=\"https:\/\/mletj9hl6nds.i.optimole.com\/cb:tkqR.3d908\/w:auto\/h:auto\/q:mauto\/f:best\/https:\/\/ams.monster\/blogg\/wp-content\/uploads\/2021\/10\/NVE-RME-Reguleringsmyndigheten-i-NVE.png\" alt=\"\" width=\"299\" height=\"111\" data-id=\"14305\" data-init-width=\"299\" data-init-height=\"111\" data-link-wrap=\"true\" data-width=\"299\" data-height=\"111\" \/><\/p>\n<p>Nettselskapene har beregnet gebyret for manuell avlesning i strid med forskrift om kontroll av nettvirksomhet \u00a7 17-6, og m\u00e5 korrigere dette, samt tilbakebetale kunder. Nettselskapene m\u00e5 ogs\u00e5 endre rutinene for fakturering samt gjennomg\u00e5 sine rutiner for \u00e5 gi informasjon om gebyret til sine kunder.<\/p>\n<p>For f\u00e5 f\u00e5 rett, m\u00e5tte kundene klage nettselskapet inn til RME. Nettselskapene ignorerer kundens legitime henvendelse. Nettselskapene er ikke interessert i \u00e5 ha en dialog med kundene n\u00e5r de hevder sin urett.<\/p>\n<p>Nettselskapene er private virksomheter som har monopol p\u00e5 nettjenesten. Str\u00f8m til husholdningene er et n\u00f8dvendighets gode dagens moderne samfunn. Tidligere var staten eiere, befolkningen hadde da r\u00e5derett over resursen vannkraft som skulle produsere &laquo;billig&raquo; str\u00f8m til husholdningene. N\u00e5 er det forvaltet av &laquo;privatpersoner&raquo; oppnevnt i styrer \u2013 og som styrer etter aksjeloven etter en &laquo;kynisk&raquo; forretningsdrift som har f\u00e5tt suger\u00f8r i befolkningens lommebok. Monopolet m\u00e5 reguleres bedre eller oppheves og tilbakef\u00f8res til staten som eiere over resursen vann, slik det var tidligere &#8211; f\u00f8r 1990.<\/p>\n<p>AMS-saken har avsl\u00f8rt nettselskapets maktmisbruk, monopolmisbruk og gr\u00e5dighetskultur. Reguleringsmyndigheten i NVE (RME) har lagt til rette med f\u00f8ringer for nettselskapene uten \u00e5 ta hensyn til forbrukerens rettmessige rettigheter etter loven. RME som er tilsynsmyndighet og regulator for nettvirksomheten sitter \u00e5 ser p\u00e5 nettselskapene beg\u00e5r lovbrudd med RMEs velsignelse. Det viser svarene fra RME i saksbehandlingen, at sp\u00f8rsm\u00e5l som ang\u00e5r forbrukerens rettmessighet, er utenfor RMEs myndighetsomr\u00e5de. Forbrukeren blir overlatt til seg selv.<\/p>\n<p>Dette b\u00f8r man v\u00e6re oppmerksom p\u00e5. RME tar ikke hensyn til private interesser i saksbehandlingen og i vedtak. Viser til <a style=\"outline: none;\" href=\"https:\/\/lovdata.no\/lov\/1990-06-29-50\/\u00a71-2\" target=\"_blank\" rel=\"noopener\">energiloven \u00a7 1-2. (Form\u00e5l)<\/a> skal sikre at \u00abprivate interesser\u00bb blir hensyntatt ved ut\u00f8velsen av nettvirksomhet. Dette kommer videre til uttrykk i b\u00e5de henholdsvis <a style=\"outline: none;\" href=\"https:\/\/lovdata.no\/forskrift\/2019-10-24-1413\/\u00a71-1\" target=\"_blank\" rel=\"noopener\">NEM \u00a7 1-1<\/a> og <a href=\"https:\/\/lovdata.no\/forskrift\/1999-03-11-302\/\u00a71-1\" target=\"_blank\" rel=\"noopener\">kontrollforskriften \u00a7 1-1<\/a>.<\/p>\n<p>Merk at nettselskapene <span style=\"text-decoration: underline;\">kan<\/span> fakturere kunden for merkostnader i en tariff, men nettselskapet er pliktig til \u00e5 dokumentere kostnadene i tariffen \u00a7 17-6 etter forskrift om kontroll av nettvirksomhet <a style=\"outline: none;\" href=\"https:\/\/lovdata.no\/forskrift\/1999-03-11-302\/\u00a713-5\" target=\"_blank\" rel=\"noopener\">\u00a7 13-5.Informasjonsplikt<\/a>.<\/p>\n<p>Dette gjelder ogs\u00e5 for den nye tariffen\u00a0<a style=\"outline: none;\" href=\"https:\/\/lovdata.no\/forskrift\/1999-03-11-302\/%C2%A717-9\" target=\"_blank\" rel=\"noopener\">\u00a7 17-9.Tariff for ikke-fjernavleste m\u00e5leverdier<\/a>\u00a0innf\u00f8rt 1.2.2021 etter forskrift om kontroll av nettvirksomhet hvor tariffen er fastsatt som et standardbel\u00f8p.<\/p>\n<p><a style=\"outline: none;\" href=\"https:\/\/ams.monster\/blogg\/fatt-krav-pa-ams-gebyr-hvordan-skrive-en-apenbart-ikke-grunnlos-innsigelse\/\" target=\"_blank\" rel=\"noopener\">F\u00e5tt krav p\u00e5 AMS-gebyr \u2013 Hvordan bestride en faktura eller et inkassokrav?<\/a><\/p>\n<p>RME legger til grunn i saksbehandlingen at at manuell avlesning er en \u00abs\u00e6rskilt tjeneste\u00bb som faller inn under forskrift om kontroll av nettvirksomhet \u00a7 17-6.<\/p>\n<p>Korrekt hjemmel er forskrift om kontroll av nettvirksomhet \u00a7 14-2 f\u00f8rste ledd bokstav a, der det heter at \u00abfastleddet dekker kundespesifikke kostnader\u00bb.<\/p>\n<p>Ovennevnte m\u00e5 ses i sammenheng med <a style=\"outline: none;\" href=\"https:\/\/lovdata.no\/forskrift\/1999-03-11-301\/\u00a73-3\" target=\"_blank\" rel=\"noopener\">avregningsforskriften \u00a7 3-3<\/a>, der det f\u00f8lger atnettselskapene har ansvaret for at \u00abinnmating og uttak av kraft i m\u00e5lepunkt blir m\u00e5lt og avlest.\u00bbM\u00e5leravlesningen er s\u00e5ledes en prim\u00e6rtjeneste nettselskapene er pliktige \u00e5 tilby kundene etteravregningsforskriften.<\/p>\n<p>Kostnadene i tariffen for tjenesten er dekket av det lovp\u00e5lagte fastleddet etter forskrift om kontroll av nettvirksomhet \u00a7 14-2. Det vises i denne sammenheng til forskrift om kontroll av nettvirksomhet \u00a7 1-3 niende ledd, der <a style=\"outline: none;\" href=\"void(0)\" target=\"_blank\" rel=\"noopener\">kundespesifikke kostnader<\/a> er definert som: <em>Kostnader knyttet til kundeh\u00e5ndtering, herunder m\u00e5ling, avregning, fakturering, tilsyn mv.<\/em> Les mer <a style=\"outline: none;\" href=\"https:\/\/ams.monster\/blogg\/nve-har-bekreftet-at-kunder-ikke-kan-bli-krevd-for-samme-kostnader-to-ganger-i-et-avlesningsgebyr\/\" target=\"_blank\" rel=\"noopener\">HER<\/a>.<\/p>\n<p>Ved \u00e5 bruke forskrift om kontroll av nettvirksomhet \u00a7 17-6 for \u00e5 fastsette tariffer, vil nettselskapet f\u00e5 betalt for den samme tjenesten to ganger.<\/p>\n<p>Det vises til <a style=\"outline: none;\" href=\"https:\/\/ams.monster\/dok\/svar-pa-klage-pa-RMEs-saksbehandlere-med-vedlegg-om-fastleddet-og-gebyr-utdrag.pdf\" target=\"_blank\" rel=\"noopener\">NVEs svarbrev av 03.07.2020<\/a>, der de presiserer: &laquo;<strong><em>Nettselskap som velger \u00e5 kreve slike variable kostnader gjennom et s\u00e6rskilt gebyr, har ikke adgang til \u00e5 inkludere samme kostnader som del av fastleddet i den ordinere nettleien&raquo;<\/em><\/strong><em>.<\/em> Noe alts\u00e5 nettselskapene har gjort og fortsetter med.<\/p>\n<p>Merk at gebyret og forskriften er i strid med <a style=\"outline: none;\" href=\"https:\/\/lovdata.no\/lov\/2009-01-09-2\/\u00a711\" target=\"_blank\" rel=\"noopener\">markedsf\u00f8ringsloven \u00a7 11<\/a> f\u00f8rste ledd bokstav a, som setter forbud mot <em>&laquo;\u00e5 kreve betaling for varer, tjenester eller andre ytelser uten etter avtale mv.&raquo;<\/em><\/p>\n<p>Noen eksempler p\u00e5 vedtak RME har fattet.<\/p>\n<ol>\n<li>1Vedtak om <a style=\"outline: none;\" href=\"https:\/\/ams.monster\/dok\/vedtak\/Vedtak-fra-RME-om-Elvia-S%C3%B8r-sin-korrigerte-beregning-av-gebyr-for-manuell-sak%20201902069-14-dato%203.6.2021.pdf\" target=\"_blank\" rel=\"noopener\">Elvia S\u00f8r<\/a> sin korrigerte beregning av gebyr for manuell avlesning dato 3.6.2021 sak 201902069-14. Elvia har beregnet en timepris som er i strid med regelverket, og har inkludert kostnader for aktiviteter i gebyret som ikke er gjennomf\u00f8rt eller tillatt. Elvia m\u00e5 korrigere dette. Saksbehandler: Annhild Meling (sluttet juni 2021).<a href=\"https:\/\/www.klagenemndssekretariatet.no\/wp-content\/uploads\/2021\/11\/2021-1954-Klagenemndas-avgjorelse.pdf\" target=\"_blank\" rel=\"noopener\">Viser til punkt 49 Energiklagenemdas vurdering i avgj\u00f8relse av 22. mars 2022<\/a>. <em>Energiklagenemnda vil generelt bemerke at innkreving av tariffer forutsetter at det faktisk utf\u00f8res den type tjeneste som skal dekkes av tariffen. En total unnlatelse av kontroller for samtlige m\u00e5lere m\u00e5 derfor medf\u00f8re at tariff ikke kan kreves.<\/em><\/li>\n<li>2Vedtak om <a style=\"outline: none;\" href=\"https:\/\/ams.monster\/dok\/vedtak\/Vedtak-om-Troms-Kraft-Nett-AS-sin-beregning-av-gebyr-for-manuell-avlesning-202002553-9-18.12.20.pdf\" target=\"_blank\" rel=\"noopener\"><strong>Troms Kraft Nett AS<\/strong><\/a> sin beregning av gebyr for manuell avlesning dato 18.12.2021 &#8211; sak 202002553-9 &#8211; Saksbehandler Urd Sira<\/li>\n<li>3Vedtak om\u00a0<a style=\"outline: none;\" href=\"https:\/\/ams.monster\/dok\/vedtak\/Vedtak-om-Halogaland-Kraft-Nett-AS-sin-beregning-av-gebyr-for-manuell-avlesning-201840643-11-7.12.20.pdf\" target=\"_blank\" rel=\"noopener\"><strong>H\u00e5logaland Kraft Nett AS<\/strong><\/a> sin beregning av gebyr for manuell avlesning dato 7.12.20 \u00a0&#8211; sak 202002400-11 &#8211; Saksbehandler Annhild Meling<\/li>\n<li>4Vedtak om\u00a0<a style=\"outline: none;\" href=\"https:\/\/ams.monster\/dok\/vedtak\/Vedtak-om-Varanger-Kraftnett-AS-sin-beregning-av-gebyr-for-manuell-avlesning-202003073-8-8.12.20.pdf\" target=\"_blank\" rel=\"noopener\"><strong>V<\/strong><strong>aranger Kraftnett AS<\/strong><\/a> sin beregning av gebyr for manuell avlesning dato 8.12.2021 &#8211; sak 202003073-8 &#8211; Saksbehandler Urd Sira<\/li>\n<li>5Vedtak om <a style=\"outline: currentcolor none medium;\" href=\"https:\/\/ams.monster\/dok\/vedtak\/Vedtak-om-Nordlandsnett-AS-sin-beregning-av-gebyr-for-manuell-avlesning-202002628-10%20-21.12.20.pdf\" target=\"_blank\" rel=\"noopener\"><strong>Nordlandsnett AS<\/strong><\/a> sin beregning av gebyr for manuell avlesning dato 21.12.2021 &#8211; sak 202002628-10 &#8211; Saksbehandler Annhild Meling<\/li>\n<li>6Vedtak om <a style=\"outline: none;\" href=\"https:\/\/ams.monster\/dok\/vedtak\/Vedtak-om-Lyse-Elnett-AS-sin-beregning-av-gebyr-for-manuell-avlesning-202002402-8-3.12.2020.pdf\" target=\"_blank\" rel=\"noopener\"><strong>Lyse Elnett AS<\/strong><\/a> sin beregning av gebyr for manuell avlesning dato 3.12.2020 &#8211; sak 202002402-8 &#8211; Saksbehandler Vilde R\u00f8v<\/li>\n<li>7Vedtak om <a style=\"outline: none;\" href=\"https:\/\/ams.monster\/dok\/vedtak\/Vedtak-om-Morenett-AS-sin-beregning-av-gebyr-for-manuell-avlesning-202002406-9-7.12.20.pdf\" target=\"_blank\" rel=\"noopener\"><strong>M\u00f8renett AS<\/strong><\/a> sin beregning av gebyr for manuell avlesning dato 7.12.20 &#8211; sak 202002406-9 &#8211; Saksbehandler Annhild Meling<\/li>\n<li>8Vedtak om <a style=\"outline: none;\" href=\"https:\/\/ams.monster\/dok\/vedtak\/Vedtak-om-Skagerak-Nett-AS-sin-beregning-av-gebyr-for-manuell-avlesning-201902070-15-3.12.2020.pdf\" target=\"_blank\" rel=\"noopener\"><strong>Skagerak Nett AS<\/strong><\/a> sin beregning av gebyr for manuell avlesning dato 3.12.2020 &#8211; sak 201902070-15 &#8211; Saksbehandler Urd Sira<\/li>\n<li>9Vedtak om\u00a0<a style=\"outline: none;\" href=\"https:\/\/ams.monster\/dok\/vedtak\/Vedtak-om-Tensio-TS-AS-sin-beregning-av-gebyr-for-manuell-avlesning-201913946-14-7.12.2020.pdf\" target=\"_blank\" rel=\"noopener\"><strong>Tensio TS AS<\/strong><\/a> sin beregning av gebyr for manuell avlesning dato 7.12.2020 &#8211; sak 201913946-14 &#8211; Saksbehandler Urd Sira<\/li>\n<li>10Vedtak om <a style=\"outline: currentcolor none medium;\" href=\"https:\/\/ams.monster\/dok\/vedtak\/Vedtak-om-Glitre-Energi-Netts-sin-beregning-av-gebyr-for-manuell-avlesning-201840643-11-3.12.20.pdf\" target=\"_blank\" rel=\"noopener\"><strong>Glitre Energi Netts<\/strong><\/a> beregning av gebyr for manuell avlesning dato 3.12.20 &#8211; sak 201840643-11 &#8211; Saksbehandler Annhild Meling<\/li>\n<\/ol>\n<p>P\u00e5 innsyn.no finner man vedtakene RME har fattet: <em>&laquo;<\/em><em>\u00a0Vedtak om beregning av gebyr for manuell avlesning&raquo; \u00a0<\/em><a style=\"outline: none;\" href=\"https:\/\/einnsyn.no\/sok?f=fdf6ee9e-3e25-43cd-88e6-1ba80f6b2355\" target=\"_blank\" rel=\"noopener\">Klikk her for en komplett oversikt<\/a>.<em>\u00a0<\/em><\/p>\n<p>Lenken einnsyn.no oppdateres jevnlig. Hvis resultatet ikke vises. S\u00f8k p\u00e5 nytt med teksten &laquo;Vedtak om beregning av gebyr for manuell avlesning hvis oversikten&raquo;. Og legg inn filter: STAT og kategori NVE. Det anbefales \u00e5 be om innsyn i alle dokumentene i saken, og ikke bare i selve vedtaket. Det p\u00e5pekes at RME avskjermer mange dokumenter uten \u00e5 ha en grunn for det. RME vil ikke at andre klagere skal f\u00e5 vite hva andre har klaget p\u00e5. Klag til Sivilombudet hvis du nektes innsyn. Viser til <a href=\"https:\/\/lovdata.no\/dokument\/NL\/lov\/2006-05-19-16\" target=\"_blank\" rel=\"noopener\">Offentleglova<\/a>.<\/p>\n<p>N\u00e5r RME fatter et endelig vedtak, kan vedtakene p\u00e5klages til Energiklagenemnda hvis man part i saken. Krangler man med nettselselskapet, m\u00e5 man klage dem inn til RME.<\/p>\n<p>Nettselskapene er ikke interessert i \u00e5 f\u00f8lge til enhver tid gjeldende lover og forskrifter som de er forpliktet til \u00e5 gj\u00f8re. De bryr seg rett og slett ikke om \u00e5 gj\u00f8re det.<\/p>\n<p><strong><em>&laquo;NVE regulerer nettselskapenes virksomhet p\u00e5 bakgrunn av energiloven og tilh\u00f8rende forskrifter. Ethvert selskap som har f\u00e5tt konsesjon til \u00e5 drive nettvirksomhet er forpliktet til \u00e5 f\u00f8lge gjeldende lover og forskrifter (som ogs\u00e5 inneholder bestemmelser om ikke-diskriminering), b\u00e5de n\u00e5r det gjelder avtalevilk\u00e5r overfor sine kunder, betalingsbetingelser og tariffer&raquo;<\/em><\/strong><\/p>\n<p><a style=\"outline: none;\" href=\"https:\/\/www.klagenemndssekretariatet.no\/energiklagenemnda\" target=\"_blank\" rel=\"noopener\">Lenke til klagesaker i Energiklagenemda<\/a><\/p>\n<p><a style=\"outline: none;\" href=\"https:\/\/www.klagenemndssekretariatet.no\/om-oss\/visjon\" target=\"_blank\" rel=\"noopener\">Visjonen til Energiklagenemnda<\/a><\/p>\n<h5 style=\"text-align: left;\"><em>&laquo;Klagenemndssekretariatet skal sikre rettsikkerhet\u00a0<\/em><em>gjennom en profesjonell og uavhengig klagebehandling&raquo;<\/em><\/h5>\n<p>Energiklagenemnda er en uavhengig klagenemnd som behandler klager over enkeltvedtak Reguleringsmyndigheten for energi (RME) fatter. V\u00e6r oppmerksom p\u00e5 at Energiklagenemnda behandler ikke privatrettslige sp\u00f8rsm\u00e5l og forhold i andre lovverk som er forvaltet av et annet myndighetsorgan. Man kan risikere at klagen ikke tas til f\u00f8lge av Energiklagenemnda, selv klageren faktisk har rett.<\/p>\n<p>Det viser avgj\u00f8relsene at RMEs meninger som vektlegges som ikke ang\u00e5r deg som klager. Det er risikosport \u00e5 klage p\u00e5 RMEs vedtak hvis man ikke vet hvordan klagebehandlingen fungerer.<\/p>\n<ul>\n<li><a href=\"https:\/\/ams.monster\/blogg\/stromstengning-i-domstolen\/\" target=\"_blank\" rel=\"noopener\">Str\u00f8mstenging i domstolene<\/a><\/li>\n<li><a style=\"outline: none;\" href=\"https:\/\/ams.monster\/blogg\/gebyr-saker-i-tingretten\/\" target=\"_blank\" rel=\"noopener\">Gebyrsaken i Tingretten<\/a><\/li>\n<li><a href=\"https:\/\/ams.monster\/blogg\/gebyr-saker-i-forliksradet\/\" target=\"_blank\" rel=\"noopener\">Gebyrsaker i Forliksr\u00e5det<\/a><\/li>\n<\/ul>\n","protected":false},"excerpt":{"rendered":"<p>Oversikt over RME vedtak Reguleringsmyndigheten for energi i NVE (RME) har fattet f\u00f8lgende: &laquo;Vedtak om beregning av gebyr for manuell avlesning&raquo; Nettselskapene har beregnet gebyret for manuell avlesning i strid med forskrift om kontroll av nettvirksomhet \u00a7 17-6, og m\u00e5 korrigere dette, samt tilbakebetale kunder. Nettselskapene m\u00e5 ogs\u00e5 endre rutinene for fakturering samt gjennomg\u00e5 sine [&hellip;]<\/p>\n","protected":false},"author":5,"featured_media":0,"parent":0,"menu_order":0,"comment_status":"closed","ping_status":"closed","template":"","meta":{"_lmt_disableupdate":"yes","_lmt_disable":"","footnotes":""},"class_list":["post-8728","page","type-page","status-publish","hentry","post-wrapper","thrv_wrapper"],"_links":{"self":[{"href":"https:\/\/ams.monster\/blogg\/wp-json\/wp\/v2\/pages\/8728","targetHints":{"allow":["GET"]}}],"collection":[{"href":"https:\/\/ams.monster\/blogg\/wp-json\/wp\/v2\/pages"}],"about":[{"href":"https:\/\/ams.monster\/blogg\/wp-json\/wp\/v2\/types\/page"}],"author":[{"embeddable":true,"href":"https:\/\/ams.monster\/blogg\/wp-json\/wp\/v2\/users\/5"}],"replies":[{"embeddable":true,"href":"https:\/\/ams.monster\/blogg\/wp-json\/wp\/v2\/comments?post=8728"}],"version-history":[{"count":4,"href":"https:\/\/ams.monster\/blogg\/wp-json\/wp\/v2\/pages\/8728\/revisions"}],"predecessor-version":[{"id":27368,"href":"https:\/\/ams.monster\/blogg\/wp-json\/wp\/v2\/pages\/8728\/revisions\/27368"}],"wp:attachment":[{"href":"https:\/\/ams.monster\/blogg\/wp-json\/wp\/v2\/media?parent=8728"}],"curies":[{"name":"wp","href":"https:\/\/api.w.org\/{rel}","templated":true}]}}